{"id":2360,"date":"2017-04-30T14:54:21","date_gmt":"2017-04-30T12:54:21","guid":{"rendered":"https:\/\/fabriceleroux.com\/?page_id=2360"},"modified":"2026-02-18T00:58:35","modified_gmt":"2026-02-17T23:58:35","slug":"newsletter","status":"publish","type":"page","link":"https:\/\/fabriceleroux.com\/en\/newsletter\/","title":{"rendered":"Newsletter"},"content":{"rendered":"<p>[et_pb_section fb_built=\u00a0\u00bb1&Prime; _builder_version=\u00a0\u00bb4.16&Prime; custom_padding=\u00a0\u00bb0px|0px|0px||false|false\u00a0\u00bb global_colors_info=\u00a0\u00bb{}\u00a0\u00bb][et_pb_row column_structure=\u00a0\u00bb1_5,3_5,1_5&Prime; use_custom_gutter=\u00a0\u00bbon\u00a0\u00bb gutter_width=\u00a0\u00bb4&Prime; _builder_version=\u00a0\u00bb4.16&Prime; width=\u00a0\u00bb97%\u00a0\u00bb custom_padding=\u00a0\u00bb7px|7px|7px|7px|false|false\u00a0\u00bb global_colors_info=\u00a0\u00bb{}\u00a0\u00bb][et_pb_column type=\u00a0\u00bb1_5&Prime; _builder_version=\u00a0\u00bb4.16&Prime; custom_padding=\u00a0\u00bb|||\u00a0\u00bb global_colors_info=\u00a0\u00bb{}\u00a0\u00bb custom_padding__hover=\u00a0\u00bb|||\u00a0\u00bb][\/et_pb_column][et_pb_column type=\u00a0\u00bb3_5&Prime; _builder_version=\u00a0\u00bb4.16&Prime; custom_padding=\u00a0\u00bb|||\u00a0\u00bb global_colors_info=\u00a0\u00bb{}\u00a0\u00bb custom_padding__hover=\u00a0\u00bb|||\u00a0\u00bb][et_pb_text _builder_version=\u00a0\u00bb4.16&Prime; _module_preset=\u00a0\u00bbdefault\u00a0\u00bb text_font=\u00a0\u00bb|||||on|||\u00a0\u00bb text_text_color=\u00a0\u00bb#777777&Prime; module_alignment=\u00a0\u00bbcenter\u00a0\u00bb global_colors_info=\u00a0\u00bb{}\u00a0\u00bb]<\/p>\n<h1 style=\"text-align: center;\">Newsletter<\/h1>\n<p>[\/et_pb_text][et_pb_text admin_label=\u00a0\u00bbNewsletter\u00a0\u00bb _builder_version=\u00a0\u00bb4.27.5&Prime; text_font=\u00a0\u00bb|||||on|||\u00a0\u00bb text_text_color=\u00a0\u00bb#777777&Prime; text_font_size=\u00a0\u00bb17px\u00a0\u00bb text_line_height=\u00a0\u00bb2em\u00a0\u00bb header_font=\u00a0\u00bb|||||on|||\u00a0\u00bb header_text_align=\u00a0\u00bbleft\u00a0\u00bb header_text_color=\u00a0\u00bb#777777&Prime; text_orientation=\u00a0\u00bbcenter\u00a0\u00bb module_alignment=\u00a0\u00bbcenter\u00a0\u00bb custom_margin=\u00a0\u00bb7px|0px|7px|0px|false|false\u00a0\u00bb custom_padding=\u00a0\u00bb17px|0px|17px|0px|false|false\u00a0\u00bb hover_enabled=\u00a0\u00bb0&Prime; z_index_tablet=\u00a0\u00bb500&Prime; text_text_shadow_horizontal_length_tablet=\u00a0\u00bb0px\u00a0\u00bb text_text_shadow_vertical_length_tablet=\u00a0\u00bb0px\u00a0\u00bb text_text_shadow_blur_strength_tablet=\u00a0\u00bb1px\u00a0\u00bb link_text_shadow_horizontal_length_tablet=\u00a0\u00bb0px\u00a0\u00bb link_text_shadow_vertical_length_tablet=\u00a0\u00bb0px\u00a0\u00bb link_text_shadow_blur_strength_tablet=\u00a0\u00bb1px\u00a0\u00bb ul_text_shadow_horizontal_length_tablet=\u00a0\u00bb0px\u00a0\u00bb ul_text_shadow_vertical_length_tablet=\u00a0\u00bb0px\u00a0\u00bb ul_text_shadow_blur_strength_tablet=\u00a0\u00bb1px\u00a0\u00bb ol_text_shadow_horizontal_length_tablet=\u00a0\u00bb0px\u00a0\u00bb ol_text_shadow_vertical_length_tablet=\u00a0\u00bb0px\u00a0\u00bb ol_text_shadow_blur_strength_tablet=\u00a0\u00bb1px\u00a0\u00bb quote_text_shadow_horizontal_length_tablet=\u00a0\u00bb0px\u00a0\u00bb quote_text_shadow_vertical_length_tablet=\u00a0\u00bb0px\u00a0\u00bb quote_text_shadow_blur_strength_tablet=\u00a0\u00bb1px\u00a0\u00bb header_text_shadow_horizontal_length_tablet=\u00a0\u00bb0px\u00a0\u00bb header_text_shadow_vertical_length_tablet=\u00a0\u00bb0px\u00a0\u00bb header_text_shadow_blur_strength_tablet=\u00a0\u00bb1px\u00a0\u00bb header_2_text_shadow_horizontal_length_tablet=\u00a0\u00bb0px\u00a0\u00bb header_2_text_shadow_vertical_length_tablet=\u00a0\u00bb0px\u00a0\u00bb header_2_text_shadow_blur_strength_tablet=\u00a0\u00bb1px\u00a0\u00bb header_3_text_shadow_horizontal_length_tablet=\u00a0\u00bb0px\u00a0\u00bb header_3_text_shadow_vertical_length_tablet=\u00a0\u00bb0px\u00a0\u00bb header_3_text_shadow_blur_strength_tablet=\u00a0\u00bb1px\u00a0\u00bb header_4_text_shadow_horizontal_length_tablet=\u00a0\u00bb0px\u00a0\u00bb header_4_text_shadow_vertical_length_tablet=\u00a0\u00bb0px\u00a0\u00bb header_4_text_shadow_blur_strength_tablet=\u00a0\u00bb1px\u00a0\u00bb header_5_text_shadow_horizontal_length_tablet=\u00a0\u00bb0px\u00a0\u00bb header_5_text_shadow_vertical_length_tablet=\u00a0\u00bb0px\u00a0\u00bb header_5_text_shadow_blur_strength_tablet=\u00a0\u00bb1px\u00a0\u00bb header_6_text_shadow_horizontal_length_tablet=\u00a0\u00bb0px\u00a0\u00bb header_6_text_shadow_vertical_length_tablet=\u00a0\u00bb0px\u00a0\u00bb header_6_text_shadow_blur_strength_tablet=\u00a0\u00bb1px\u00a0\u00bb border_width_all=\u00a0\u00bb1px\u00a0\u00bb box_shadow_horizontal_tablet=\u00a0\u00bb0px\u00a0\u00bb box_shadow_vertical_tablet=\u00a0\u00bb0px\u00a0\u00bb box_shadow_blur_tablet=\u00a0\u00bb40px\u00a0\u00bb box_shadow_spread_tablet=\u00a0\u00bb0px\u00a0\u00bb global_colors_info=\u00a0\u00bb{}\u00a0\u00bb sticky_enabled=\u00a0\u00bb0&Prime;]<\/p>\n<form method=\"post\" action=\"https:\/\/newsletter.infomaniak.com\/v3\/api\/1\/newsletters\/webforms\/1922\/submit\" class=\"inf-form\"><input type=\"email\" name=\"email\" style=\"display:none\" \/><input type=\"hidden\" name=\"key\" value=\"eyJpdiI6InFxXC9Ya0l2ejBvUXl5UUV5eTlhaDNGS2hYT3ExQ2lSSlg0TjBkXC9QeDI3UT0iLCJtYWMiOiI1OTk2ZGZkNjA0MDEzODU2YTdmNDZjZDlhYWNhMTEyZTI1YjU3Yzg4MDU4NDAxOGMyYmQxNzJiMWRhMzk4NjAzIiwidmFsdWUiOiJHUU8rNGVoXC9mMVlnUGVBQUQ0OW9EUEJmeFplVm1HYVRBeTJFcmtaa3hydz0ifQ==\"><input type=\"hidden\" name=\"webform_id\" value=\"1922\"><\/p>\n<style> .inf-main_333222170ab9edca4785c39f55221fe7{ background-color:#f5f5f5; padding:25px 20px; margin:25px auto; } .inf-main_333222170ab9edca4785c39f55221fe7 .inf-content { margin-top:13px;} .inf-main_333222170ab9edca4785c39f55221fe7 h4, .inf-main_333222170ab9edca4785c39f55221fe7 span, .inf-main_333222170ab9edca4785c39f55221fe7 label, .inf-main_333222170ab9edca4785c39f55221fe7 input, .inf-main_333222170ab9edca4785c39f55221fe7 .inf-submit, .inf-main_333222170ab9edca4785c39f55221fe7 .inf-success p a { color:#555555; font-size:14px; } .inf-main_333222170ab9edca4785c39f55221fe7 h4{ font-size:18px; margin:0px 0px 13px 0px; } .inf-main_333222170ab9edca4785c39f55221fe7 h4, .inf-main_333222170ab9edca4785c39f55221fe7 label{ font-weight:bold; } .inf-main_333222170ab9edca4785c39f55221fe7 .inf-input { margin-bottom:7px; } .inf-main_333222170ab9edca4785c39f55221fe7 label { display:block;} .inf-main_333222170ab9edca4785c39f55221fe7 input{ height:35px; color:#999999; border: 1px solid #E9E9E9; border:none; padding-left:7px; } .inf-main_333222170ab9edca4785c39f55221fe7 .inf-input.inf-error label, .inf-main_333222170ab9edca4785c39f55221fe7 .inf-input.inf-error span.inf-message{ color: #cc0033; } .inf-main_333222170ab9edca4785c39f55221fe7 .inf-input.inf-error input{ border: 1px solid #cc0033; } .inf-main_333222170ab9edca4785c39f55221fe7 .inf-input input { width:100%;} .inf-main_333222170ab9edca4785c39f55221fe7 .inf-input.inf-error span.inf-message { display: block; } .inf-main_333222170ab9edca4785c39f55221fe7 .inf-submit { text-align:right;} .inf-main_333222170ab9edca4785c39f55221fe7 .inf-submit input{ background-color:#777777; color:#ffffff; border:none; font-weight: normal; height:auto; padding:7px; } .inf-main_333222170ab9edca4785c39f55221fe7 .inf-submit input.disabled{ opacity: 0.4; } .inf-btn { color: rgb(85, 85, 85); border: medium none; font-weight: normal; height: auto; padding: 7px; display: inline-block; background-color: white; box-shadow: 0px 1px 1px rgba(0, 0, 0, 0.24); border-radius: 2px; line-height: 1em; } .inf-rgpd { margin:25px 0px 15px 0px; color:#555555; } .altcha-label span { color: #555 } <\/style>\n<div class=\"inf-main_333222170ab9edca4785c39f55221fe7\">\n<h4>Newsletter<\/h4>\n<p> <span><\/span> <\/p>\n<div class=\"inf-success\" style=\"display:none\">\n<h4>Votre inscription a \u00e9t\u00e9 enregistr\u00e9e avec succ\u00e8s !<\/h4>\n<p> <a href=\"#\" class=\"inf-btn\">&laquo;<\/a> <\/p>\n<\/p><\/div>\n<div class=\"inf-content\">\n<div class=\"inf-input inf-input-text\">\n<div style=\"display: flex\"> <label>lastname<\/label> <\/p>\n<div style=\"color:red;\">&nbsp;*<\/div>\n<\/p><\/div>\n<p> <input type=\"text\" name=\"inf[3]\" data-inf-meta=\"3\" data-inf-error=\"Merci de renseigner une chaine de caract\u00e8re\" required=\"required\" > <\/div>\n<div class=\"inf-input inf-input-text\">\n<div style=\"display: flex\"> <label>firstname<\/label> <\/p>\n<div style=\"color:red;\">&nbsp;*<\/div>\n<\/p><\/div>\n<p> <input type=\"text\" name=\"inf[2]\" data-inf-meta=\"2\" data-inf-error=\"Merci de renseigner une chaine de caract\u00e8re\" required=\"required\" > <\/div>\n<div class=\"inf-input inf-input-text\">\n<div style=\"display: flex\"> <label>Email<\/label> <\/p>\n<div style=\"color:red;\">&nbsp;*<\/div>\n<\/p><\/div>\n<p> <input type=\"email\" name=\"inf[1]\" data-inf-meta=\"1\" data-inf-error=\"Merci de renseigner une adresse email\" required=\"required\" > <\/div>\n<div class=\"inf-input inf-input-text\">\n<div style=\"display: flex\"> <label>Site Web<\/label> <\/div>\n<p> <input type=\"email\" name=\"inf[5978]\" data-inf-meta=\"5978\" data-inf-error=\"Merci de renseigner une adresse email\" > <\/div>\n<div class=\"inf-rgpd\">Votre adresse de messagerie est uniquement utilis\u00e9e pour vous envoyer notre lettre d&#039;information ainsi que des informations concernant les expositions. Vous pouvez \u00e0 tout moment utiliser le lien de d\u00e9sabonnement int\u00e9gr\u00e9 dans chacun de nos mails.<\/div>\n<p> <script src=\"https:\/\/eu.altcha.org\/js\/latest\/altcha.min.js\" type=\"module\" defer><\/script> <altcha-widget hidelogo hidefooter floating challengeurl=\"https:\/\/newsletter.infomaniak.com\/v3\/altcha-challenge\" ><\/altcha-widget> <script src=\"https:\/\/newsletter.storage5.infomaniak.com\/mcaptcha\/altcha.js\" defer> <\/script> <script type=\"text\/javascript\" src=\"https:\/\/newsletter.infomaniak.com\/v3\/static\/webform_index.js?v=1771372103\"><\/script> <\/p>\n<div class=\"inf-submit\"> <input type=\"submit\" style=\"margin-top: 25px;\" name=\"\" value=\"Valider\"> <\/div>\n<\/p><\/div>\n<\/p><\/div>\n<\/p><\/form>\n<p>[\/et_pb_text][\/et_pb_column][et_pb_column type=\u00a0\u00bb1_5&Prime; _builder_version=\u00a0\u00bb4.16&Prime; custom_padding=\u00a0\u00bb|||\u00a0\u00bb global_colors_info=\u00a0\u00bb{}\u00a0\u00bb custom_padding__hover=\u00a0\u00bb|||\u00a0\u00bb][\/et_pb_column][\/et_pb_row][et_pb_row _builder_version=\u00a0\u00bb4.16&Prime; _module_preset=\u00a0\u00bbdefault\u00a0\u00bb global_colors_info=\u00a0\u00bb{}\u00a0\u00bb][et_pb_column type=\u00a0\u00bb4_4&Prime; _builder_version=\u00a0\u00bb4.16&Prime; _module_preset=\u00a0\u00bbdefault\u00a0\u00bb global_colors_info=\u00a0\u00bb{}\u00a0\u00bb][et_pb_post_nav in_same_term=\u00a0\u00bboff\u00a0\u00bb _builder_version=\u00a0\u00bb4.16&Prime; _module_preset=\u00a0\u00bbdefault\u00a0\u00bb custom_margin=\u00a0\u00bb7px||7px||false|false\u00a0\u00bb locked=\u00a0\u00bboff\u00a0\u00bb global_colors_info=\u00a0\u00bb{}\u00a0\u00bb][\/et_pb_post_nav][\/et_pb_column][\/et_pb_row][\/et_pb_section]<\/p>\n","protected":false},"excerpt":{"rendered":"<p>Newsletter Newsletter Votre inscription a \u00e9t\u00e9 enregistr\u00e9e avec succ\u00e8s ! &laquo; lastname &nbsp;* firstname &nbsp;* Email &nbsp;* Site Web Votre adresse de messagerie est uniquement utilis\u00e9e pour vous envoyer notre lettre d&#039;information ainsi que des informations concernant les expositions. Vous pouvez \u00e0 tout moment utiliser le lien de d\u00e9sabonnement int\u00e9gr\u00e9 dans chacun de nos mails.<\/p>","protected":false},"author":1,"featured_media":0,"parent":0,"menu_order":0,"comment_status":"closed","ping_status":"closed","template":"","meta":{"_et_pb_use_builder":"on","_et_pb_old_content":"<!-- wp:html -->\r\n<p><script type=\"text\/javascript\" src=\"https:\/\/webform.statslive.info\/ow\/eyJpdiI6InhmNEdlTHJTSWtNVGlZd3NYOWx5cFg4dXFkZTdtd1g4UnIwN1NENm1qNWs9IiwidmFsdWUiOiJaN0FyUmh2aHZxQWRJXC9uZXdyXC9qcEt0b2F1Y1NmZ3hCOGtrWFRKWkVwVFk9IiwibWFjIjoiOGYwMDcwMTFkNjA0ZjM5YjNiZGFkMThmOGM1MGZmZjUxY2I1NjliNDQxNDk0MzE4YjcyOTkyMTBmZmZjMDRkOSJ9\"><\/script><\/p>\r\n<!-- \/wp:html -->","_et_gb_content_width":"","footnotes":""},"class_list":["post-2360","page","type-page","status-publish","hentry"],"yoast_head":"<!-- This site is optimized with the Yoast SEO plugin v27.3 - https:\/\/yoast.com\/product\/yoast-seo-wordpress\/ -->\n<title>Newsletter - lettre d\u2019information de Fabrice Leroux artiste.<\/title>\n<meta name=\"description\" content=\"Une lettre d\u2019information concernant les expositions de Fabrice Leroux artiste contemporain : Installation, performance, photo, son &amp; vid\u00e9o\" \/>\n<meta name=\"robots\" content=\"index, follow, max-snippet:-1, max-image-preview:large, max-video-preview:-1\" \/>\n<link rel=\"canonical\" href=\"https:\/\/fabriceleroux.com\/en\/newsletter\/\" \/>\n<meta property=\"og:locale\" content=\"en_GB\" \/>\n<meta property=\"og:type\" content=\"article\" \/>\n<meta property=\"og:title\" content=\"Newsletter - lettre d\u2019information de Fabrice Leroux artiste.\" \/>\n<meta property=\"og:description\" content=\"Une lettre d\u2019information concernant les expositions de Fabrice Leroux artiste contemporain : Installation, performance, photo, son &amp; vid\u00e9o\" \/>\n<meta property=\"og:url\" content=\"https:\/\/fabriceleroux.com\/en\/newsletter\/\" \/>\n<meta property=\"og:site_name\" content=\"Fabrice Leroux\" \/>\n<meta property=\"article:modified_time\" content=\"2026-02-17T23:58:35+00:00\" \/>\n<meta property=\"og:image\" content=\"https:\/\/fabriceleroux.com\/wp-content\/uploads\/2020\/10\/LogoFl-2.png\" \/>\n\t<meta property=\"og:image:width\" content=\"107\" \/>\n\t<meta property=\"og:image:height\" content=\"107\" \/>\n\t<meta property=\"og:image:type\" content=\"image\/png\" \/>\n<meta name=\"twitter:card\" content=\"summary_large_image\" \/>\n<meta name=\"twitter:site\" content=\"@fabriceleroux\" \/>\n<meta name=\"twitter:label1\" content=\"Estimated reading time\" \/>\n\t<meta name=\"twitter:data1\" content=\"1 minute\" \/>\n<script type=\"application\/ld+json\" class=\"yoast-schema-graph\">{\"@context\":\"https:\\\/\\\/schema.org\",\"@graph\":[{\"@type\":\"WebPage\",\"@id\":\"https:\\\/\\\/fabriceleroux.com\\\/newsletter\\\/\",\"url\":\"https:\\\/\\\/fabriceleroux.com\\\/newsletter\\\/\",\"name\":\"Newsletter - lettre d\u2019information de Fabrice Leroux artiste.\",\"isPartOf\":{\"@id\":\"https:\\\/\\\/fabriceleroux.com\\\/#website\"},\"datePublished\":\"2017-04-30T12:54:21+00:00\",\"dateModified\":\"2026-02-17T23:58:35+00:00\",\"description\":\"Une lettre d\u2019information concernant les expositions de Fabrice Leroux artiste contemporain : Installation, performance, photo, son & vid\u00e9o\",\"breadcrumb\":{\"@id\":\"https:\\\/\\\/fabriceleroux.com\\\/newsletter\\\/#breadcrumb\"},\"inLanguage\":\"en-GB\",\"potentialAction\":[{\"@type\":\"ReadAction\",\"target\":[\"https:\\\/\\\/fabriceleroux.com\\\/newsletter\\\/\"]}]},{\"@type\":\"BreadcrumbList\",\"@id\":\"https:\\\/\\\/fabriceleroux.com\\\/newsletter\\\/#breadcrumb\",\"itemListElement\":[{\"@type\":\"ListItem\",\"position\":1,\"name\":\"Accueil\",\"item\":\"https:\\\/\\\/fabriceleroux.com\\\/\"},{\"@type\":\"ListItem\",\"position\":2,\"name\":\"Newsletter\"}]},{\"@type\":\"WebSite\",\"@id\":\"https:\\\/\\\/fabriceleroux.com\\\/#website\",\"url\":\"https:\\\/\\\/fabriceleroux.com\\\/\",\"name\":\"Fabrice Leroux Artiste\",\"description\":\"Tentatives po\u00e9tiques de mise en \u0153uvre de mes questionnements.\",\"publisher\":{\"@id\":\"https:\\\/\\\/fabriceleroux.com\\\/#\\\/schema\\\/person\\\/94fbf747db61c11aa8957b8494bb91c3\"},\"potentialAction\":[{\"@type\":\"SearchAction\",\"target\":{\"@type\":\"EntryPoint\",\"urlTemplate\":\"https:\\\/\\\/fabriceleroux.com\\\/?s={search_term_string}\"},\"query-input\":{\"@type\":\"PropertyValueSpecification\",\"valueRequired\":true,\"valueName\":\"search_term_string\"}}],\"inLanguage\":\"en-GB\"},{\"@type\":[\"Person\",\"Organization\"],\"@id\":\"https:\\\/\\\/fabriceleroux.com\\\/#\\\/schema\\\/person\\\/94fbf747db61c11aa8957b8494bb91c3\",\"name\":\"Fabrice Leroux\",\"image\":{\"@type\":\"ImageObject\",\"inLanguage\":\"en-GB\",\"@id\":\"https:\\\/\\\/fabriceleroux.com\\\/wp-content\\\/uploads\\\/2020\\\/10\\\/LogoFl.png\",\"url\":\"https:\\\/\\\/fabriceleroux.com\\\/wp-content\\\/uploads\\\/2020\\\/10\\\/LogoFl.png\",\"contentUrl\":\"https:\\\/\\\/fabriceleroux.com\\\/wp-content\\\/uploads\\\/2020\\\/10\\\/LogoFl.png\",\"width\":107,\"height\":107,\"caption\":\"Fabrice Leroux\"},\"logo\":{\"@id\":\"https:\\\/\\\/fabriceleroux.com\\\/wp-content\\\/uploads\\\/2020\\\/10\\\/LogoFl.png\"}}]}<\/script>\n<!-- \/ Yoast SEO plugin. -->","yoast_head_json":{"title":"Newsletter - lettre d\u2019information de Fabrice Leroux artiste.","description":"Une lettre d\u2019information concernant les expositions de Fabrice Leroux artiste contemporain : Installation, performance, photo, son & vid\u00e9o","robots":{"index":"index","follow":"follow","max-snippet":"max-snippet:-1","max-image-preview":"max-image-preview:large","max-video-preview":"max-video-preview:-1"},"canonical":"https:\/\/fabriceleroux.com\/en\/newsletter\/","og_locale":"en_GB","og_type":"article","og_title":"Newsletter - lettre d\u2019information de Fabrice Leroux artiste.","og_description":"Une lettre d\u2019information concernant les expositions de Fabrice Leroux artiste contemporain : Installation, performance, photo, son & vid\u00e9o","og_url":"https:\/\/fabriceleroux.com\/en\/newsletter\/","og_site_name":"Fabrice Leroux","article_modified_time":"2026-02-17T23:58:35+00:00","og_image":[{"width":107,"height":107,"url":"https:\/\/fabriceleroux.com\/wp-content\/uploads\/2020\/10\/LogoFl-2.png","type":"image\/png"}],"twitter_card":"summary_large_image","twitter_site":"@fabriceleroux","twitter_misc":{"Estimated reading time":"1 minute"},"schema":{"@context":"https:\/\/schema.org","@graph":[{"@type":"WebPage","@id":"https:\/\/fabriceleroux.com\/newsletter\/","url":"https:\/\/fabriceleroux.com\/newsletter\/","name":"Newsletter - lettre d\u2019information de Fabrice Leroux artiste.","isPartOf":{"@id":"https:\/\/fabriceleroux.com\/#website"},"datePublished":"2017-04-30T12:54:21+00:00","dateModified":"2026-02-17T23:58:35+00:00","description":"Une lettre d\u2019information concernant les expositions de Fabrice Leroux artiste contemporain : Installation, performance, photo, son & vid\u00e9o","breadcrumb":{"@id":"https:\/\/fabriceleroux.com\/newsletter\/#breadcrumb"},"inLanguage":"en-GB","potentialAction":[{"@type":"ReadAction","target":["https:\/\/fabriceleroux.com\/newsletter\/"]}]},{"@type":"BreadcrumbList","@id":"https:\/\/fabriceleroux.com\/newsletter\/#breadcrumb","itemListElement":[{"@type":"ListItem","position":1,"name":"Accueil","item":"https:\/\/fabriceleroux.com\/"},{"@type":"ListItem","position":2,"name":"Newsletter"}]},{"@type":"WebSite","@id":"https:\/\/fabriceleroux.com\/#website","url":"https:\/\/fabriceleroux.com\/","name":"Fabrice Leroux Artist","description":"Poetic attempts to implement my questions.","publisher":{"@id":"https:\/\/fabriceleroux.com\/#\/schema\/person\/94fbf747db61c11aa8957b8494bb91c3"},"potentialAction":[{"@type":"SearchAction","target":{"@type":"EntryPoint","urlTemplate":"https:\/\/fabriceleroux.com\/?s={search_term_string}"},"query-input":{"@type":"PropertyValueSpecification","valueRequired":true,"valueName":"search_term_string"}}],"inLanguage":"en-GB"},{"@type":["Person","Organization"],"@id":"https:\/\/fabriceleroux.com\/#\/schema\/person\/94fbf747db61c11aa8957b8494bb91c3","name":"Fabrice Leroux","image":{"@type":"ImageObject","inLanguage":"en-GB","@id":"https:\/\/fabriceleroux.com\/wp-content\/uploads\/2020\/10\/LogoFl.png","url":"https:\/\/fabriceleroux.com\/wp-content\/uploads\/2020\/10\/LogoFl.png","contentUrl":"https:\/\/fabriceleroux.com\/wp-content\/uploads\/2020\/10\/LogoFl.png","width":107,"height":107,"caption":"Fabrice Leroux"},"logo":{"@id":"https:\/\/fabriceleroux.com\/wp-content\/uploads\/2020\/10\/LogoFl.png"}}]}},"_links":{"self":[{"href":"https:\/\/fabriceleroux.com\/en\/wp-json\/wp\/v2\/pages\/2360","targetHints":{"allow":["GET"]}}],"collection":[{"href":"https:\/\/fabriceleroux.com\/en\/wp-json\/wp\/v2\/pages"}],"about":[{"href":"https:\/\/fabriceleroux.com\/en\/wp-json\/wp\/v2\/types\/page"}],"author":[{"embeddable":true,"href":"https:\/\/fabriceleroux.com\/en\/wp-json\/wp\/v2\/users\/1"}],"replies":[{"embeddable":true,"href":"https:\/\/fabriceleroux.com\/en\/wp-json\/wp\/v2\/comments?post=2360"}],"version-history":[{"count":0,"href":"https:\/\/fabriceleroux.com\/en\/wp-json\/wp\/v2\/pages\/2360\/revisions"}],"wp:attachment":[{"href":"https:\/\/fabriceleroux.com\/en\/wp-json\/wp\/v2\/media?parent=2360"}],"curies":[{"name":"wp","href":"https:\/\/api.w.org\/{rel}","templated":true}]}}