{"id":29926,"date":"2018-05-09T23:48:35","date_gmt":"2018-05-09T21:48:35","guid":{"rendered":"https:\/\/fabriceleroux.com\/?page_id=29926"},"modified":"2021-02-05T19:30:54","modified_gmt":"2021-02-05T18:30:54","slug":"creations","status":"publish","type":"page","link":"https:\/\/fabriceleroux.com\/en\/creations\/","title":{"rendered":"Artworks"},"content":{"rendered":"<p>[et_pb_section fb_built=\u00a0\u00bb1&Prime; _builder_version=\u00a0\u00bb4.6.6&Prime; _module_preset=\u00a0\u00bbdefault\u00a0\u00bb background_enable_image=\u00a0\u00bboff\u00a0\u00bb parallax=\u00a0\u00bbon\u00a0\u00bb][et_pb_row use_custom_gutter=\u00a0\u00bbon\u00a0\u00bb _builder_version=\u00a0\u00bb4.8.2&Prime; _module_preset=\u00a0\u00bbdefault\u00a0\u00bb custom_padding=\u00a0\u00bb0px||0px||false|false\u00a0\u00bb hover_enabled=\u00a0\u00bb0&Prime; gutter_width=\u00a0\u00bb2&Prime; sticky_enabled=\u00a0\u00bb0&Prime;][et_pb_column type=\u00a0\u00bb4_4&Prime; _builder_version=\u00a0\u00bb4.6.5&Prime; _module_preset=\u00a0\u00bbdefault\u00a0\u00bb][et_pb_portfolio fullwidth=\u00a0\u00bboff\u00a0\u00bb posts_number=\u00a0\u00bb77&Prime; include_categories=\u00a0\u00bb8,26,10,11,9&Prime; show_categories=\u00a0\u00bboff\u00a0\u00bb show_pagination=\u00a0\u00bboff\u00a0\u00bb zoom_icon_color=\u00a0\u00bb#ffffff\u00a0\u00bb hover_overlay_color=\u00a0\u00bbrgba(0,0,0,0)\u00a0\u00bb hover_icon=\u00a0\u00bb%%186%%\u00a0\u00bb module_class=\u00a0\u00bb et-zoom-in\u00a0\u00bb _builder_version=\u00a0\u00bb4.8.2&Prime; _module_preset=\u00a0\u00bbdefault\u00a0\u00bb title_font=\u00a0\u00bb|||||on|||\u00a0\u00bb title_text_align=\u00a0\u00bbcenter\u00a0\u00bb module_alignment=\u00a0\u00bbcenter\u00a0\u00bb][\/et_pb_portfolio][\/et_pb_column][\/et_pb_row][\/et_pb_section]<\/p>\n","protected":false},"excerpt":{"rendered":"","protected":false},"author":1,"featured_media":0,"parent":0,"menu_order":0,"comment_status":"closed","ping_status":"closed","template":"","meta":{"_et_pb_use_builder":"on","_et_pb_old_content":"<!-- wp:gallery -->\r\n<p>\u00a0<\/p>\r\n<!-- \/wp:gallery -->","_et_gb_content_width":"","footnotes":""},"class_list":["post-29926","page","type-page","status-publish","hentry"],"yoast_head":"<!-- This site is optimized with the Yoast SEO plugin v27.3 - https:\/\/yoast.com\/product\/yoast-seo-wordpress\/ -->\n<title>Cr\u00e9ations artistique de Fabrice Leroux installations, sculptures etc...<\/title>\n<meta name=\"description\" content=\"Cr\u00e9ations : vous trouverez ici une s\u00e9lection des cr\u00e9ations artistiques de Fabrice Leroux, installation, sculptures, vid\u00e9os etc...\" \/>\n<meta name=\"robots\" content=\"index, follow, max-snippet:-1, max-image-preview:large, max-video-preview:-1\" \/>\n<link rel=\"canonical\" href=\"https:\/\/fabriceleroux.com\/en\/creations\/\" \/>\n<meta property=\"og:locale\" content=\"en_GB\" \/>\n<meta property=\"og:type\" content=\"article\" \/>\n<meta property=\"og:title\" content=\"Cr\u00e9ations artistique de Fabrice Leroux installations, sculptures etc...\" \/>\n<meta property=\"og:description\" content=\"Cr\u00e9ations : vous trouverez ici une s\u00e9lection des cr\u00e9ations artistiques de Fabrice Leroux, installation, sculptures, vid\u00e9os etc...\" \/>\n<meta property=\"og:url\" content=\"https:\/\/fabriceleroux.com\/en\/creations\/\" \/>\n<meta property=\"og:site_name\" content=\"Fabrice Leroux\" \/>\n<meta property=\"article:modified_time\" content=\"2021-02-05T18:30:54+00:00\" \/>\n<meta property=\"og:image\" content=\"https:\/\/fabriceleroux.com\/wp-content\/uploads\/2020\/10\/LogoFl-2.png\" \/>\n\t<meta property=\"og:image:width\" content=\"107\" \/>\n\t<meta property=\"og:image:height\" content=\"107\" \/>\n\t<meta property=\"og:image:type\" content=\"image\/png\" \/>\n<meta name=\"twitter:card\" content=\"summary_large_image\" \/>\n<meta name=\"twitter:site\" content=\"@fabriceleroux\" \/>\n<meta name=\"twitter:label1\" content=\"Estimated reading time\" \/>\n\t<meta name=\"twitter:data1\" content=\"1 minute\" \/>\n<script type=\"application\/ld+json\" class=\"yoast-schema-graph\">{\"@context\":\"https:\\\/\\\/schema.org\",\"@graph\":[{\"@type\":\"WebPage\",\"@id\":\"https:\\\/\\\/fabriceleroux.com\\\/creations\\\/\",\"url\":\"https:\\\/\\\/fabriceleroux.com\\\/creations\\\/\",\"name\":\"Cr\u00e9ations artistique de Fabrice Leroux installations, sculptures etc...\",\"isPartOf\":{\"@id\":\"https:\\\/\\\/fabriceleroux.com\\\/#website\"},\"datePublished\":\"2018-05-09T21:48:35+00:00\",\"dateModified\":\"2021-02-05T18:30:54+00:00\",\"description\":\"Cr\u00e9ations : vous trouverez ici une s\u00e9lection des cr\u00e9ations artistiques de Fabrice Leroux, installation, sculptures, vid\u00e9os etc...\",\"breadcrumb\":{\"@id\":\"https:\\\/\\\/fabriceleroux.com\\\/creations\\\/#breadcrumb\"},\"inLanguage\":\"en-GB\",\"potentialAction\":[{\"@type\":\"ReadAction\",\"target\":[\"https:\\\/\\\/fabriceleroux.com\\\/creations\\\/\"]}]},{\"@type\":\"BreadcrumbList\",\"@id\":\"https:\\\/\\\/fabriceleroux.com\\\/creations\\\/#breadcrumb\",\"itemListElement\":[{\"@type\":\"ListItem\",\"position\":1,\"name\":\"Accueil\",\"item\":\"https:\\\/\\\/fabriceleroux.com\\\/\"},{\"@type\":\"ListItem\",\"position\":2,\"name\":\"Cr\u00e9ations\"}]},{\"@type\":\"WebSite\",\"@id\":\"https:\\\/\\\/fabriceleroux.com\\\/#website\",\"url\":\"https:\\\/\\\/fabriceleroux.com\\\/\",\"name\":\"Fabrice Leroux Artiste\",\"description\":\"Tentatives po\u00e9tiques de mise en \u0153uvre de mes questionnements.\",\"publisher\":{\"@id\":\"https:\\\/\\\/fabriceleroux.com\\\/#\\\/schema\\\/person\\\/94fbf747db61c11aa8957b8494bb91c3\"},\"potentialAction\":[{\"@type\":\"SearchAction\",\"target\":{\"@type\":\"EntryPoint\",\"urlTemplate\":\"https:\\\/\\\/fabriceleroux.com\\\/?s={search_term_string}\"},\"query-input\":{\"@type\":\"PropertyValueSpecification\",\"valueRequired\":true,\"valueName\":\"search_term_string\"}}],\"inLanguage\":\"en-GB\"},{\"@type\":[\"Person\",\"Organization\"],\"@id\":\"https:\\\/\\\/fabriceleroux.com\\\/#\\\/schema\\\/person\\\/94fbf747db61c11aa8957b8494bb91c3\",\"name\":\"Fabrice Leroux\",\"image\":{\"@type\":\"ImageObject\",\"inLanguage\":\"en-GB\",\"@id\":\"https:\\\/\\\/fabriceleroux.com\\\/wp-content\\\/uploads\\\/2020\\\/10\\\/LogoFl.png\",\"url\":\"https:\\\/\\\/fabriceleroux.com\\\/wp-content\\\/uploads\\\/2020\\\/10\\\/LogoFl.png\",\"contentUrl\":\"https:\\\/\\\/fabriceleroux.com\\\/wp-content\\\/uploads\\\/2020\\\/10\\\/LogoFl.png\",\"width\":107,\"height\":107,\"caption\":\"Fabrice Leroux\"},\"logo\":{\"@id\":\"https:\\\/\\\/fabriceleroux.com\\\/wp-content\\\/uploads\\\/2020\\\/10\\\/LogoFl.png\"}}]}<\/script>\n<!-- \/ Yoast SEO plugin. -->","yoast_head_json":{"title":"Artistic creations of Fabrice Leroux installations, sculptures etc...","description":"Creations: you will find here a selection of Fabrice Leroux's artistic creations, installations, sculptures, videos etc...","robots":{"index":"index","follow":"follow","max-snippet":"max-snippet:-1","max-image-preview":"max-image-preview:large","max-video-preview":"max-video-preview:-1"},"canonical":"https:\/\/fabriceleroux.com\/en\/creations\/","og_locale":"en_GB","og_type":"article","og_title":"Cr\u00e9ations artistique de Fabrice Leroux installations, sculptures etc...","og_description":"Cr\u00e9ations : vous trouverez ici une s\u00e9lection des cr\u00e9ations artistiques de Fabrice Leroux, installation, sculptures, vid\u00e9os etc...","og_url":"https:\/\/fabriceleroux.com\/en\/creations\/","og_site_name":"Fabrice Leroux","article_modified_time":"2021-02-05T18:30:54+00:00","og_image":[{"width":107,"height":107,"url":"https:\/\/fabriceleroux.com\/wp-content\/uploads\/2020\/10\/LogoFl-2.png","type":"image\/png"}],"twitter_card":"summary_large_image","twitter_site":"@fabriceleroux","twitter_misc":{"Estimated reading time":"1 minute"},"schema":{"@context":"https:\/\/schema.org","@graph":[{"@type":"WebPage","@id":"https:\/\/fabriceleroux.com\/creations\/","url":"https:\/\/fabriceleroux.com\/creations\/","name":"Artistic creations of Fabrice Leroux installations, sculptures etc...","isPartOf":{"@id":"https:\/\/fabriceleroux.com\/#website"},"datePublished":"2018-05-09T21:48:35+00:00","dateModified":"2021-02-05T18:30:54+00:00","description":"Creations: you will find here a selection of Fabrice Leroux's artistic creations, installations, sculptures, videos etc...","breadcrumb":{"@id":"https:\/\/fabriceleroux.com\/creations\/#breadcrumb"},"inLanguage":"en-GB","potentialAction":[{"@type":"ReadAction","target":["https:\/\/fabriceleroux.com\/creations\/"]}]},{"@type":"BreadcrumbList","@id":"https:\/\/fabriceleroux.com\/creations\/#breadcrumb","itemListElement":[{"@type":"ListItem","position":1,"name":"Accueil","item":"https:\/\/fabriceleroux.com\/"},{"@type":"ListItem","position":2,"name":"Cr\u00e9ations"}]},{"@type":"WebSite","@id":"https:\/\/fabriceleroux.com\/#website","url":"https:\/\/fabriceleroux.com\/","name":"Fabrice Leroux Artist","description":"Poetic attempts to implement my questions.","publisher":{"@id":"https:\/\/fabriceleroux.com\/#\/schema\/person\/94fbf747db61c11aa8957b8494bb91c3"},"potentialAction":[{"@type":"SearchAction","target":{"@type":"EntryPoint","urlTemplate":"https:\/\/fabriceleroux.com\/?s={search_term_string}"},"query-input":{"@type":"PropertyValueSpecification","valueRequired":true,"valueName":"search_term_string"}}],"inLanguage":"en-GB"},{"@type":["Person","Organization"],"@id":"https:\/\/fabriceleroux.com\/#\/schema\/person\/94fbf747db61c11aa8957b8494bb91c3","name":"Fabrice Leroux","image":{"@type":"ImageObject","inLanguage":"en-GB","@id":"https:\/\/fabriceleroux.com\/wp-content\/uploads\/2020\/10\/LogoFl.png","url":"https:\/\/fabriceleroux.com\/wp-content\/uploads\/2020\/10\/LogoFl.png","contentUrl":"https:\/\/fabriceleroux.com\/wp-content\/uploads\/2020\/10\/LogoFl.png","width":107,"height":107,"caption":"Fabrice Leroux"},"logo":{"@id":"https:\/\/fabriceleroux.com\/wp-content\/uploads\/2020\/10\/LogoFl.png"}}]}},"_links":{"self":[{"href":"https:\/\/fabriceleroux.com\/en\/wp-json\/wp\/v2\/pages\/29926","targetHints":{"allow":["GET"]}}],"collection":[{"href":"https:\/\/fabriceleroux.com\/en\/wp-json\/wp\/v2\/pages"}],"about":[{"href":"https:\/\/fabriceleroux.com\/en\/wp-json\/wp\/v2\/types\/page"}],"author":[{"embeddable":true,"href":"https:\/\/fabriceleroux.com\/en\/wp-json\/wp\/v2\/users\/1"}],"replies":[{"embeddable":true,"href":"https:\/\/fabriceleroux.com\/en\/wp-json\/wp\/v2\/comments?post=29926"}],"version-history":[{"count":0,"href":"https:\/\/fabriceleroux.com\/en\/wp-json\/wp\/v2\/pages\/29926\/revisions"}],"wp:attachment":[{"href":"https:\/\/fabriceleroux.com\/en\/wp-json\/wp\/v2\/media?parent=29926"}],"curies":[{"name":"wp","href":"https:\/\/api.w.org\/{rel}","templated":true}]}}