{"id":3,"date":"2014-10-10T15:04:26","date_gmt":"2014-10-10T13:04:26","guid":{"rendered":"http:\/\/demo.infomaniak.com\/divi\/?page_id=2"},"modified":"2026-02-28T03:57:19","modified_gmt":"2026-02-28T02:57:19","slug":"acceuil","status":"publish","type":"page","link":"https:\/\/fabriceleroux.com\/en\/","title":{"rendered":"Home"},"content":{"rendered":"<p>[et_pb_section fb_built=\u00a0\u00bb1&Prime; _builder_version=\u00a0\u00bb4.16&Prime; _module_preset=\u00a0\u00bbdefault\u00a0\u00bb background_enable_image=\u00a0\u00bboff\u00a0\u00bb custom_margin=\u00a0\u00bb0px||0px||false|false\u00a0\u00bb custom_padding=\u00a0\u00bb0px||0px||false|false\u00a0\u00bb custom_css_main_element=\u00a0\u00bbalign-items: center;\u00a0\u00bb global_colors_info=\u00a0\u00bb{}\u00a0\u00bb][et_pb_row use_custom_gutter=\u00a0\u00bbon\u00a0\u00bb _builder_version=\u00a0\u00bb4.27.5&Prime; _module_preset=\u00a0\u00bbdefault\u00a0\u00bb background_enable_image=\u00a0\u00bboff\u00a0\u00bb custom_margin=\u00a0\u00bb0px|auto|0px|auto|false|false\u00a0\u00bb custom_padding=\u00a0\u00bb2px||0px||false|false\u00a0\u00bb global_colors_info=\u00a0\u00bb{}\u00a0\u00bb][et_pb_column type=\u00a0\u00bb4_4&Prime; _builder_version=\u00a0\u00bb4.16&Prime; _module_preset=\u00a0\u00bbdefault\u00a0\u00bb global_colors_info=\u00a0\u00bb{}\u00a0\u00bb][et_pb_text admin_label=\u00a0\u00bbTentatives po\u00e9tiques\u00a0\u00bb module_id=\u00a0\u00bbdtb-typing\u00a0\u00bb module_class=\u00a0\u00bbdtb-typing\u00a0\u00bb _builder_version=\u00a0\u00bb4.27.6&Prime; _module_preset=\u00a0\u00bbdefault\u00a0\u00bb text_font=\u00a0\u00bbFL||||||||\u00a0\u00bb text_text_color=\u00a0\u00bb#000000&Prime; text_font_size=\u00a0\u00bb26px\u00a0\u00bb header_font_size=\u00a0\u00bb28px\u00a0\u00bb text_orientation=\u00a0\u00bbcenter\u00a0\u00bb custom_padding=\u00a0\u00bb7px||5px||false|false\u00a0\u00bb animation_style=\u00a0\u00bbfade\u00a0\u00bb animation_duration=\u00a0\u00bb2000ms\u00a0\u00bb animation_delay=\u00a0\u00bb1500ms\u00a0\u00bb animation_speed_curve=\u00a0\u00bblinear\u00a0\u00bb text_font_size_tablet=\u00a0\u00bb28px\u00a0\u00bb text_font_size_phone=\u00a0\u00bb14px\u00a0\u00bb text_font_size_last_edited=\u00a0\u00bbon|desktop\u00a0\u00bb global_colors_info=\u00a0\u00bb{}\u00a0\u00bb]<\/p>\n<h1>Tentatives po\u00e9tiques de mise en \u0153uvre de mes questionnements.<\/h1>\n<p>[\/et_pb_text][et_pb_image src=\u00a0\u00bbhttps:\/\/fabriceleroux.com\/wp-content\/uploads\/2023\/03\/MAINS.jpg\u00a0\u00bb title_text=\u00a0\u00bbMAINS\u00a0\u00bb url=\u00a0\u00bbhttps:\/\/fabriceleroux.com\/creations\/\u00a0\u00bb show_bottom_space=\u00a0\u00bboff\u00a0\u00bb force_fullwidth=\u00a0\u00bbon\u00a0\u00bb module_class=\u00a0\u00bb et-zoom-in\u00a0\u00bb _builder_version=\u00a0\u00bb4.20.2&Prime; _module_preset=\u00a0\u00bbdefault\u00a0\u00bb global_colors_info=\u00a0\u00bb{}\u00a0\u00bb][\/et_pb_image][\/et_pb_column][\/et_pb_row][\/et_pb_section]<\/p>\n","protected":false},"excerpt":{"rendered":"<p>Poetic attempts to implement my questions.<\/p>","protected":false},"author":1,"featured_media":0,"parent":0,"menu_order":0,"comment_status":"closed","ping_status":"closed","template":"","meta":{"_et_pb_use_builder":"on","_et_pb_old_content":"<p><a href=\"https:\/\/fabriceleroux.com\/creations\/\"><img class=\"aligncenter wp-image-37261 size-large\" src=\"https:\/\/fabriceleroux.com\/wp-content\/uploads\/2020\/10\/fond-dyptique-1024x724.jpg\" alt=\"\" width=\"1024\" height=\"724\" \/><\/a><\/p><p style=\"text-align: center;\"><span style=\"color: #777777; font-variant: small-caps;\">Vanit\u00e9s des Vanit\u00e9s<\/span><\/p><p style=\"text-align: center;\">\u00a0<\/p>","_et_gb_content_width":"","footnotes":""},"class_list":["post-3","page","type-page","status-publish","hentry"],"yoast_head":"<!-- This site is optimized with the Yoast SEO plugin v27.3 - https:\/\/yoast.com\/product\/yoast-seo-wordpress\/ -->\n<title>Page d&#039;accueil du site de l&#039;artiste Fabrice Leroux Bonne visite<\/title>\n<meta name=\"description\" content=\"Fabrice Leroux artiste contemporain : Installation, performance, photo, son &amp; vid\u00e9o.Tentatives po\u00e9tiques de mise en \u0153uvre de mes questions.\" \/>\n<meta name=\"robots\" content=\"index, follow, max-snippet:-1, max-image-preview:large, max-video-preview:-1\" \/>\n<link rel=\"canonical\" href=\"https:\/\/fabriceleroux.com\/en\/\" \/>\n<meta property=\"og:locale\" content=\"en_GB\" \/>\n<meta property=\"og:type\" content=\"article\" \/>\n<meta property=\"og:title\" content=\"Page d&#039;accueil du site de l&#039;artiste Fabrice Leroux Bonne visite\" \/>\n<meta property=\"og:description\" content=\"Fabrice Leroux artiste contemporain : Installation, performance, photo, son &amp; vid\u00e9o.Tentatives po\u00e9tiques de mise en \u0153uvre de mes questions.\" \/>\n<meta property=\"og:url\" content=\"https:\/\/fabriceleroux.com\/en\/\" \/>\n<meta property=\"og:site_name\" content=\"Fabrice Leroux\" \/>\n<meta property=\"article:modified_time\" content=\"2026-02-28T02:57:19+00:00\" \/>\n<meta property=\"og:image\" content=\"https:\/\/fabriceleroux.com\/wp-content\/uploads\/2020\/10\/LogoFl-2.png\" \/>\n\t<meta property=\"og:image:width\" content=\"107\" \/>\n\t<meta property=\"og:image:height\" content=\"107\" \/>\n\t<meta property=\"og:image:type\" content=\"image\/png\" \/>\n<meta name=\"twitter:card\" content=\"summary_large_image\" \/>\n<meta name=\"twitter:site\" content=\"@fabriceleroux\" \/>\n<meta name=\"twitter:label1\" content=\"Estimated reading time\" \/>\n\t<meta name=\"twitter:data1\" content=\"1 minute\" \/>\n<script type=\"application\/ld+json\" class=\"yoast-schema-graph\">{\"@context\":\"https:\\\/\\\/schema.org\",\"@graph\":[{\"@type\":\"WebPage\",\"@id\":\"https:\\\/\\\/fabriceleroux.com\\\/\",\"url\":\"https:\\\/\\\/fabriceleroux.com\\\/\",\"name\":\"Page d'accueil du site de l'artiste Fabrice Leroux Bonne visite\",\"isPartOf\":{\"@id\":\"https:\\\/\\\/fabriceleroux.com\\\/#website\"},\"datePublished\":\"2014-10-10T13:04:26+00:00\",\"dateModified\":\"2026-02-28T02:57:19+00:00\",\"description\":\"Fabrice Leroux artiste contemporain : Installation, performance, photo, son & vid\u00e9o.Tentatives po\u00e9tiques de mise en \u0153uvre de mes questions.\",\"breadcrumb\":{\"@id\":\"https:\\\/\\\/fabriceleroux.com\\\/#breadcrumb\"},\"inLanguage\":\"en-GB\",\"potentialAction\":[{\"@type\":\"ReadAction\",\"target\":[\"https:\\\/\\\/fabriceleroux.com\\\/\"]}]},{\"@type\":\"BreadcrumbList\",\"@id\":\"https:\\\/\\\/fabriceleroux.com\\\/#breadcrumb\",\"itemListElement\":[{\"@type\":\"ListItem\",\"position\":1,\"name\":\"Accueil\",\"item\":\"https:\\\/\\\/fabriceleroux.com\\\/\"},{\"@type\":\"ListItem\",\"position\":2,\"name\":\"Accueil\"}]},{\"@type\":\"WebSite\",\"@id\":\"https:\\\/\\\/fabriceleroux.com\\\/#website\",\"url\":\"https:\\\/\\\/fabriceleroux.com\\\/\",\"name\":\"Fabrice Leroux Artiste\",\"description\":\"Tentatives po\u00e9tiques de mise en \u0153uvre de mes questionnements.\",\"publisher\":{\"@id\":\"https:\\\/\\\/fabriceleroux.com\\\/#\\\/schema\\\/person\\\/94fbf747db61c11aa8957b8494bb91c3\"},\"potentialAction\":[{\"@type\":\"SearchAction\",\"target\":{\"@type\":\"EntryPoint\",\"urlTemplate\":\"https:\\\/\\\/fabriceleroux.com\\\/?s={search_term_string}\"},\"query-input\":{\"@type\":\"PropertyValueSpecification\",\"valueRequired\":true,\"valueName\":\"search_term_string\"}}],\"inLanguage\":\"en-GB\"},{\"@type\":[\"Person\",\"Organization\"],\"@id\":\"https:\\\/\\\/fabriceleroux.com\\\/#\\\/schema\\\/person\\\/94fbf747db61c11aa8957b8494bb91c3\",\"name\":\"Fabrice Leroux\",\"image\":{\"@type\":\"ImageObject\",\"inLanguage\":\"en-GB\",\"@id\":\"https:\\\/\\\/fabriceleroux.com\\\/wp-content\\\/uploads\\\/2020\\\/10\\\/LogoFl.png\",\"url\":\"https:\\\/\\\/fabriceleroux.com\\\/wp-content\\\/uploads\\\/2020\\\/10\\\/LogoFl.png\",\"contentUrl\":\"https:\\\/\\\/fabriceleroux.com\\\/wp-content\\\/uploads\\\/2020\\\/10\\\/LogoFl.png\",\"width\":107,\"height\":107,\"caption\":\"Fabrice Leroux\"},\"logo\":{\"@id\":\"https:\\\/\\\/fabriceleroux.com\\\/wp-content\\\/uploads\\\/2020\\\/10\\\/LogoFl.png\"}}]}<\/script>\n<!-- \/ Yoast SEO plugin. -->","yoast_head_json":{"title":"Home page of the artist Fabrice Leroux Enjoy your visit","description":"Fabrice Leroux artiste contemporain : Installation, performance, photo, son & vid\u00e9o.Tentatives po\u00e9tiques de mise en \u0153uvre de mes questions.","robots":{"index":"index","follow":"follow","max-snippet":"max-snippet:-1","max-image-preview":"max-image-preview:large","max-video-preview":"max-video-preview:-1"},"canonical":"https:\/\/fabriceleroux.com\/en\/","og_locale":"en_GB","og_type":"article","og_title":"Page d'accueil du site de l'artiste Fabrice Leroux Bonne visite","og_description":"Fabrice Leroux artiste contemporain : Installation, performance, photo, son & vid\u00e9o.Tentatives po\u00e9tiques de mise en \u0153uvre de mes questions.","og_url":"https:\/\/fabriceleroux.com\/en\/","og_site_name":"Fabrice Leroux","article_modified_time":"2026-02-28T02:57:19+00:00","og_image":[{"width":107,"height":107,"url":"https:\/\/fabriceleroux.com\/wp-content\/uploads\/2020\/10\/LogoFl-2.png","type":"image\/png"}],"twitter_card":"summary_large_image","twitter_site":"@fabriceleroux","twitter_misc":{"Estimated reading time":"1 minute"},"schema":{"@context":"https:\/\/schema.org","@graph":[{"@type":"WebPage","@id":"https:\/\/fabriceleroux.com\/","url":"https:\/\/fabriceleroux.com\/","name":"Home page of the artist Fabrice Leroux Enjoy your visit","isPartOf":{"@id":"https:\/\/fabriceleroux.com\/#website"},"datePublished":"2014-10-10T13:04:26+00:00","dateModified":"2026-02-28T02:57:19+00:00","description":"Fabrice Leroux artiste contemporain : Installation, performance, photo, son & vid\u00e9o.Tentatives po\u00e9tiques de mise en \u0153uvre de mes questions.","breadcrumb":{"@id":"https:\/\/fabriceleroux.com\/#breadcrumb"},"inLanguage":"en-GB","potentialAction":[{"@type":"ReadAction","target":["https:\/\/fabriceleroux.com\/"]}]},{"@type":"BreadcrumbList","@id":"https:\/\/fabriceleroux.com\/#breadcrumb","itemListElement":[{"@type":"ListItem","position":1,"name":"Accueil","item":"https:\/\/fabriceleroux.com\/"},{"@type":"ListItem","position":2,"name":"Accueil"}]},{"@type":"WebSite","@id":"https:\/\/fabriceleroux.com\/#website","url":"https:\/\/fabriceleroux.com\/","name":"Fabrice Leroux Artist","description":"Poetic attempts to implement my questions.","publisher":{"@id":"https:\/\/fabriceleroux.com\/#\/schema\/person\/94fbf747db61c11aa8957b8494bb91c3"},"potentialAction":[{"@type":"SearchAction","target":{"@type":"EntryPoint","urlTemplate":"https:\/\/fabriceleroux.com\/?s={search_term_string}"},"query-input":{"@type":"PropertyValueSpecification","valueRequired":true,"valueName":"search_term_string"}}],"inLanguage":"en-GB"},{"@type":["Person","Organization"],"@id":"https:\/\/fabriceleroux.com\/#\/schema\/person\/94fbf747db61c11aa8957b8494bb91c3","name":"Fabrice Leroux","image":{"@type":"ImageObject","inLanguage":"en-GB","@id":"https:\/\/fabriceleroux.com\/wp-content\/uploads\/2020\/10\/LogoFl.png","url":"https:\/\/fabriceleroux.com\/wp-content\/uploads\/2020\/10\/LogoFl.png","contentUrl":"https:\/\/fabriceleroux.com\/wp-content\/uploads\/2020\/10\/LogoFl.png","width":107,"height":107,"caption":"Fabrice Leroux"},"logo":{"@id":"https:\/\/fabriceleroux.com\/wp-content\/uploads\/2020\/10\/LogoFl.png"}}]}},"_links":{"self":[{"href":"https:\/\/fabriceleroux.com\/en\/wp-json\/wp\/v2\/pages\/3","targetHints":{"allow":["GET"]}}],"collection":[{"href":"https:\/\/fabriceleroux.com\/en\/wp-json\/wp\/v2\/pages"}],"about":[{"href":"https:\/\/fabriceleroux.com\/en\/wp-json\/wp\/v2\/types\/page"}],"author":[{"embeddable":true,"href":"https:\/\/fabriceleroux.com\/en\/wp-json\/wp\/v2\/users\/1"}],"replies":[{"embeddable":true,"href":"https:\/\/fabriceleroux.com\/en\/wp-json\/wp\/v2\/comments?post=3"}],"version-history":[{"count":0,"href":"https:\/\/fabriceleroux.com\/en\/wp-json\/wp\/v2\/pages\/3\/revisions"}],"wp:attachment":[{"href":"https:\/\/fabriceleroux.com\/en\/wp-json\/wp\/v2\/media?parent=3"}],"curies":[{"name":"wp","href":"https:\/\/api.w.org\/{rel}","templated":true}]}}