{"id":38988,"date":"2022-03-14T10:31:45","date_gmt":"2022-03-14T09:31:45","guid":{"rendered":"https:\/\/fabriceleroux.com\/?page_id=38988"},"modified":"2022-06-17T04:12:25","modified_gmt":"2022-06-17T02:12:25","slug":"sentences","status":"publish","type":"page","link":"https:\/\/fabriceleroux.com\/en\/performances\/sentences\/","title":{"rendered":"Sentences"},"content":{"rendered":"<p>[et_pb_section fb_built=\u00a0\u00bb1&Prime; admin_label=\u00a0\u00bbsection\u00a0\u00bb _builder_version=\u00a0\u00bb4.16&Prime; custom_padding=\u00a0\u00bb0px||||false|false\u00a0\u00bb global_colors_info=\u00a0\u00bb{}\u00a0\u00bb][et_pb_row admin_label=\u00a0\u00bbrow\u00a0\u00bb _builder_version=\u00a0\u00bb4.16&Prime; global_colors_info=\u00a0\u00bb{}\u00a0\u00bb][et_pb_column type=\u00a0\u00bb4_4&Prime; _builder_version=\u00a0\u00bb4.16&Prime; custom_padding=\u00a0\u00bb|||\u00a0\u00bb global_colors_info=\u00a0\u00bb{}\u00a0\u00bb custom_padding__hover=\u00a0\u00bb|||\u00a0\u00bb][et_pb_text admin_label=\u00a0\u00bbText\u00a0\u00bb _builder_version=\u00a0\u00bb4.17.4&Prime; background_size=\u00a0\u00bbinitial\u00a0\u00bb background_position=\u00a0\u00bbtop_left\u00a0\u00bb background_repeat=\u00a0\u00bbrepeat\u00a0\u00bb hover_enabled=\u00a0\u00bb0&Prime; global_colors_info=\u00a0\u00bb{}\u00a0\u00bb sticky_enabled=\u00a0\u00bb0&Prime;]<\/p>\n<p><img loading=\"lazy\" decoding=\"async\" class=\"aligncenter wp-image-38990 size-full\" src=\"https:\/\/fabriceleroux.com\/wp-content\/uploads\/2022\/03\/lettres-web.jpg\" alt=\"\" width=\"777\" height=\"777\" srcset=\"https:\/\/fabriceleroux.com\/wp-content\/uploads\/2022\/03\/lettres-web.jpg 777w, https:\/\/fabriceleroux.com\/wp-content\/uploads\/2022\/03\/lettres-web-480x480.jpg 480w\" sizes=\"(min-width: 0px) and (max-width: 480px) 480px, (min-width: 481px) 777px, 100vw\" \/><\/p>\n<p>Lors d&rsquo;une r\u00e9sidence au lyc\u00e9e Albert Londres de Cusset, j&rsquo;ai pu d\u00e9velopper une performance SENTENCES<\/p>\n<p>SENTENCES (Jeu de mot entre l\u2019anglais sentence signifiant \u00e0 la fois la phrase et la condamnation et le fran\u00e7ais d\u00e9finition du Larousse<br \/>1. Litt\u00e9raire. Courte phrase d&rsquo;une port\u00e9e g\u00e9n\u00e9rale, pr\u00e9cepte de morale, maxime : Un discours rempli de sentences. Synonymes : adage &#8211; aphorisme \u2013 apophtegme &#8211; axiome &#8211; dicton &#8211; maxime &#8211; mot &#8211; parole &#8211; pens\u00e9e<br \/>2. D\u00e9cision d&rsquo;un arbitre ou d&rsquo;un tribunal arbitral.<br \/>3. Tout jugement (d&rsquo;une autorit\u00e9) \u00e0 caract\u00e8re d\u00e9cisif )<\/p>\n<p>Je suis persuad\u00e9 qu&rsquo;il y a une, ou des phrases\u00a0qui restent, dont on se souvient toujours, qui nous ont construites,\u00a0d\u00e9truites, avec qui on fait avec ou contre&#8230; Voudriez-vous m&rsquo;offrir une ou des phrases?<br \/>Pour l&rsquo;exemple je vous en offre d\u00e9j\u00e0 une : \u00a0\u00bb Et parce qu&rsquo;en plus tu te crois bon\u00a0\u00bb Je ne vous donne pas le contexte, mais croyez moi cette phrase est grav\u00e9e.<br \/>Libre \u00e0 vous d&rsquo;expliciter la(les) votre (s) ou non.<br \/>Merci beaucoup par avance de votre confiance, confidence. H\u00e2te de vous lire. Si vous votre phrase n\u2019est pas en fran\u00e7ais, vous pouvez l\u2019envoyer dans sa langue d\u2019origine, avec une traduction pour que je puisse la comprendre.<\/p>\n<p>La r\u00e9colte n&rsquo;est pas finie, si vous voulez \u00eatre dans la prochaine \u00ab\u00a0\u00e9dition\u00a0\u00bb<br \/>Vous pouvez m\u2019\u00e9crire \u00e0 cet adresse\u00a0: <a href=\"mailto:residence@fabriceleroux.com\" target=\"_blank\" rel=\"noopener\">residence@fabriceleroux.com<\/a><\/p>\n<p>&nbsp;<\/p>\n<p>[\/et_pb_text][\/et_pb_column][\/et_pb_row][\/et_pb_section]<\/p>\n","protected":false},"excerpt":{"rendered":"<p>Lors d&rsquo;une r\u00e9sidence au lyc\u00e9e Albert Londres de Cusset, j&rsquo;ai pu d\u00e9velopper une performance SENTENCES SENTENCES (Jeu de mot entre l\u2019anglais sentence signifiant \u00e0 la fois la phrase et la condamnation et le fran\u00e7ais d\u00e9finition du Larousse1. Litt\u00e9raire. Courte phrase d&rsquo;une port\u00e9e g\u00e9n\u00e9rale, pr\u00e9cepte de morale, maxime : Un discours rempli de sentences. Synonymes : [&hellip;]<\/p>\n","protected":false},"author":1,"featured_media":0,"parent":29932,"menu_order":0,"comment_status":"closed","ping_status":"closed","template":"","meta":{"_et_pb_use_builder":"on","_et_pb_old_content":"<a href=\"https:\/\/fabriceleroux.com\/wp-content\/uploads\/2022\/03\/lettres-web.jpg\"><img class=\"aligncenter size-full wp-image-38990\" src=\"https:\/\/fabriceleroux.com\/wp-content\/uploads\/2022\/03\/lettres-web.jpg\" alt=\"\" width=\"777\" height=\"777\" \/><\/a>\r\n\r\nActuellement en r\u00e9sidence au lyc\u00e9e Albert Londres de Cusset\r\nJ\u2019ai besoin de vous pour mon projet SENTENCES\r\n\r\nSENTENCES (Jeu de mot entre l\u2019anglais sentence signifiant \u00e0 la fois la phrase et la condamnation et le fran\u00e7ais d\u00e9finition du Larousse\r\n1. Litt\u00e9raire. Courte phrase d'une port\u00e9e g\u00e9n\u00e9rale, pr\u00e9cepte de morale, maxime : Un discours rempli de sentences. Synonymes : adage - aphorisme \u2013 apophtegme - axiome - dicton - maxime - mot - parole - pens\u00e9e\r\n2. D\u00e9cision d'un arbitre ou d'un tribunal arbitral.\r\n3. Tout jugement (d'une autorit\u00e9) \u00e0 caract\u00e8re d\u00e9cisif )\r\n\r\nJe suis persuad\u00e9 qu'il y a une, ou des phrases\u00a0qui restent, dont on se souvient toujours, qui nous ont construites,\u00a0d\u00e9truites, avec qui on fait avec ou contre... Voudriez-vous m'offrir une ou des phrases?\r\nPour l'exemple je vous en offre d\u00e9j\u00e0 une : \" Et parce qu'en plus tu te crois bon\" Je ne vous donne pas le contexte, mais croyez moi cette phrase est grav\u00e9e.\r\nLibre \u00e0 vous d'expliciter la(les) votre (s) ou non.\r\nMerci beaucoup par avance de votre confiance, confidence. H\u00e2te de vous lire. Si vous votre phrase n\u2019est pas en fran\u00e7ais, vous pouvez l\u2019envoyer dans sa langue d\u2019origine, avec une traduction pour que je puisse la comprendre.\r\nVous pouvez m\u2019\u00e9crire \u00e0 cet adresse\u00a0: <a href=\"mailto:residence@fabriceleroux.com\" target=\"_blank\" rel=\"noopener\">residence@fabriceleroux.com<\/a>\r\n\r\n\u00a0","_et_gb_content_width":"","footnotes":""},"class_list":["post-38988","page","type-page","status-publish","hentry"],"yoast_head":"<!-- This site is optimized with the Yoast SEO plugin v27.0 - https:\/\/yoast.com\/product\/yoast-seo-wordpress\/ -->\n<title>Sentences - Fabrice Leroux<\/title>\n<meta name=\"description\" content=\"Fabrice Leroux artiste contemporain : Installation, performance, photo, son &amp; vid\u00e9o.Tentatives po\u00e9tiques de mise en \u0153uvre de mes questions.\" \/>\n<meta name=\"robots\" content=\"index, follow, max-snippet:-1, max-image-preview:large, max-video-preview:-1\" \/>\n<link rel=\"canonical\" href=\"https:\/\/fabriceleroux.com\/en\/performances\/sentences\/\" \/>\n<meta property=\"og:locale\" content=\"en_GB\" \/>\n<meta property=\"og:type\" content=\"article\" \/>\n<meta property=\"og:title\" content=\"Sentences - Fabrice Leroux\" \/>\n<meta property=\"og:description\" content=\"Fabrice Leroux artiste contemporain : Installation, performance, photo, son &amp; vid\u00e9o.Tentatives po\u00e9tiques de mise en \u0153uvre de mes questions.\" \/>\n<meta property=\"og:url\" content=\"https:\/\/fabriceleroux.com\/en\/performances\/sentences\/\" \/>\n<meta property=\"og:site_name\" content=\"Fabrice Leroux\" \/>\n<meta property=\"article:modified_time\" content=\"2022-06-17T02:12:25+00:00\" \/>\n<meta property=\"og:image\" content=\"https:\/\/fabriceleroux.com\/wp-content\/uploads\/2022\/03\/lettres-web.jpg\" \/>\n<meta name=\"twitter:card\" content=\"summary_large_image\" \/>\n<meta name=\"twitter:site\" content=\"@fabriceleroux\" \/>\n<meta name=\"twitter:label1\" content=\"Estimated reading time\" \/>\n\t<meta name=\"twitter:data1\" content=\"2 minutes\" \/>\n<script type=\"application\/ld+json\" class=\"yoast-schema-graph\">{\"@context\":\"https:\/\/schema.org\",\"@graph\":[{\"@type\":\"WebPage\",\"@id\":\"https:\/\/fabriceleroux.com\/performances\/sentences\/\",\"url\":\"https:\/\/fabriceleroux.com\/performances\/sentences\/\",\"name\":\"Sentences - Fabrice Leroux\",\"isPartOf\":{\"@id\":\"https:\/\/fabriceleroux.com\/#website\"},\"primaryImageOfPage\":{\"@id\":\"https:\/\/fabriceleroux.com\/performances\/sentences\/#primaryimage\"},\"image\":{\"@id\":\"https:\/\/fabriceleroux.com\/performances\/sentences\/#primaryimage\"},\"thumbnailUrl\":\"https:\/\/fabriceleroux.com\/wp-content\/uploads\/2022\/03\/lettres-web.jpg\",\"datePublished\":\"2022-03-14T09:31:45+00:00\",\"dateModified\":\"2022-06-17T02:12:25+00:00\",\"description\":\"Fabrice Leroux artiste contemporain : Installation, performance, photo, son & vid\u00e9o.Tentatives po\u00e9tiques de mise en \u0153uvre de mes questions.\",\"breadcrumb\":{\"@id\":\"https:\/\/fabriceleroux.com\/performances\/sentences\/#breadcrumb\"},\"inLanguage\":\"en-GB\",\"potentialAction\":[{\"@type\":\"ReadAction\",\"target\":[\"https:\/\/fabriceleroux.com\/performances\/sentences\/\"]}]},{\"@type\":\"ImageObject\",\"inLanguage\":\"en-GB\",\"@id\":\"https:\/\/fabriceleroux.com\/performances\/sentences\/#primaryimage\",\"url\":\"https:\/\/fabriceleroux.com\/wp-content\/uploads\/2022\/03\/lettres-web.jpg\",\"contentUrl\":\"https:\/\/fabriceleroux.com\/wp-content\/uploads\/2022\/03\/lettres-web.jpg\"},{\"@type\":\"BreadcrumbList\",\"@id\":\"https:\/\/fabriceleroux.com\/performances\/sentences\/#breadcrumb\",\"itemListElement\":[{\"@type\":\"ListItem\",\"position\":1,\"name\":\"Accueil\",\"item\":\"https:\/\/fabriceleroux.com\/\"},{\"@type\":\"ListItem\",\"position\":2,\"name\":\"Performances\",\"item\":\"https:\/\/fabriceleroux.com\/performances\/\"},{\"@type\":\"ListItem\",\"position\":3,\"name\":\"Sentences\"}]},{\"@type\":\"WebSite\",\"@id\":\"https:\/\/fabriceleroux.com\/#website\",\"url\":\"https:\/\/fabriceleroux.com\/\",\"name\":\"Fabrice Leroux Artiste\",\"description\":\"Tentatives po\u00e9tiques de mise en \u0153uvre de mes questionnements.\",\"publisher\":{\"@id\":\"https:\/\/fabriceleroux.com\/#\/schema\/person\/94fbf747db61c11aa8957b8494bb91c3\"},\"potentialAction\":[{\"@type\":\"SearchAction\",\"target\":{\"@type\":\"EntryPoint\",\"urlTemplate\":\"https:\/\/fabriceleroux.com\/?s={search_term_string}\"},\"query-input\":{\"@type\":\"PropertyValueSpecification\",\"valueRequired\":true,\"valueName\":\"search_term_string\"}}],\"inLanguage\":\"en-GB\"},{\"@type\":[\"Person\",\"Organization\"],\"@id\":\"https:\/\/fabriceleroux.com\/#\/schema\/person\/94fbf747db61c11aa8957b8494bb91c3\",\"name\":\"Fabrice Leroux\",\"image\":{\"@type\":\"ImageObject\",\"inLanguage\":\"en-GB\",\"@id\":\"https:\/\/fabriceleroux.com\/#\/schema\/person\/image\/\",\"url\":\"https:\/\/fabriceleroux.com\/wp-content\/uploads\/2020\/10\/LogoFl.png\",\"contentUrl\":\"https:\/\/fabriceleroux.com\/wp-content\/uploads\/2020\/10\/LogoFl.png\",\"width\":107,\"height\":107,\"caption\":\"Fabrice Leroux\"},\"logo\":{\"@id\":\"https:\/\/fabriceleroux.com\/#\/schema\/person\/image\/\"}}]}<\/script>\n<!-- \/ Yoast SEO plugin. -->","yoast_head_json":{"title":"Sentences - Fabrice Leroux","description":"Fabrice Leroux artiste contemporain : Installation, performance, photo, son & vid\u00e9o.Tentatives po\u00e9tiques de mise en \u0153uvre de mes questions.","robots":{"index":"index","follow":"follow","max-snippet":"max-snippet:-1","max-image-preview":"max-image-preview:large","max-video-preview":"max-video-preview:-1"},"canonical":"https:\/\/fabriceleroux.com\/en\/performances\/sentences\/","og_locale":"en_GB","og_type":"article","og_title":"Sentences - Fabrice Leroux","og_description":"Fabrice Leroux artiste contemporain : Installation, performance, photo, son & vid\u00e9o.Tentatives po\u00e9tiques de mise en \u0153uvre de mes questions.","og_url":"https:\/\/fabriceleroux.com\/en\/performances\/sentences\/","og_site_name":"Fabrice Leroux","article_modified_time":"2022-06-17T02:12:25+00:00","og_image":[{"url":"https:\/\/fabriceleroux.com\/wp-content\/uploads\/2022\/03\/lettres-web.jpg","type":"","width":"","height":""}],"twitter_card":"summary_large_image","twitter_site":"@fabriceleroux","twitter_misc":{"Estimated reading time":"2 minutes"},"schema":{"@context":"https:\/\/schema.org","@graph":[{"@type":"WebPage","@id":"https:\/\/fabriceleroux.com\/performances\/sentences\/","url":"https:\/\/fabriceleroux.com\/performances\/sentences\/","name":"Sentences - Fabrice Leroux","isPartOf":{"@id":"https:\/\/fabriceleroux.com\/#website"},"primaryImageOfPage":{"@id":"https:\/\/fabriceleroux.com\/performances\/sentences\/#primaryimage"},"image":{"@id":"https:\/\/fabriceleroux.com\/performances\/sentences\/#primaryimage"},"thumbnailUrl":"https:\/\/fabriceleroux.com\/wp-content\/uploads\/2022\/03\/lettres-web.jpg","datePublished":"2022-03-14T09:31:45+00:00","dateModified":"2022-06-17T02:12:25+00:00","description":"Fabrice Leroux artiste contemporain : Installation, performance, photo, son & vid\u00e9o.Tentatives po\u00e9tiques de mise en \u0153uvre de mes questions.","breadcrumb":{"@id":"https:\/\/fabriceleroux.com\/performances\/sentences\/#breadcrumb"},"inLanguage":"en-GB","potentialAction":[{"@type":"ReadAction","target":["https:\/\/fabriceleroux.com\/performances\/sentences\/"]}]},{"@type":"ImageObject","inLanguage":"en-GB","@id":"https:\/\/fabriceleroux.com\/performances\/sentences\/#primaryimage","url":"https:\/\/fabriceleroux.com\/wp-content\/uploads\/2022\/03\/lettres-web.jpg","contentUrl":"https:\/\/fabriceleroux.com\/wp-content\/uploads\/2022\/03\/lettres-web.jpg"},{"@type":"BreadcrumbList","@id":"https:\/\/fabriceleroux.com\/performances\/sentences\/#breadcrumb","itemListElement":[{"@type":"ListItem","position":1,"name":"Accueil","item":"https:\/\/fabriceleroux.com\/"},{"@type":"ListItem","position":2,"name":"Performances","item":"https:\/\/fabriceleroux.com\/performances\/"},{"@type":"ListItem","position":3,"name":"Sentences"}]},{"@type":"WebSite","@id":"https:\/\/fabriceleroux.com\/#website","url":"https:\/\/fabriceleroux.com\/","name":"Fabrice Leroux Artist","description":"Poetic attempts to implement my questions.","publisher":{"@id":"https:\/\/fabriceleroux.com\/#\/schema\/person\/94fbf747db61c11aa8957b8494bb91c3"},"potentialAction":[{"@type":"SearchAction","target":{"@type":"EntryPoint","urlTemplate":"https:\/\/fabriceleroux.com\/?s={search_term_string}"},"query-input":{"@type":"PropertyValueSpecification","valueRequired":true,"valueName":"search_term_string"}}],"inLanguage":"en-GB"},{"@type":["Person","Organization"],"@id":"https:\/\/fabriceleroux.com\/#\/schema\/person\/94fbf747db61c11aa8957b8494bb91c3","name":"Fabrice Leroux","image":{"@type":"ImageObject","inLanguage":"en-GB","@id":"https:\/\/fabriceleroux.com\/#\/schema\/person\/image\/","url":"https:\/\/fabriceleroux.com\/wp-content\/uploads\/2020\/10\/LogoFl.png","contentUrl":"https:\/\/fabriceleroux.com\/wp-content\/uploads\/2020\/10\/LogoFl.png","width":107,"height":107,"caption":"Fabrice Leroux"},"logo":{"@id":"https:\/\/fabriceleroux.com\/#\/schema\/person\/image\/"}}]}},"_links":{"self":[{"href":"https:\/\/fabriceleroux.com\/en\/wp-json\/wp\/v2\/pages\/38988","targetHints":{"allow":["GET"]}}],"collection":[{"href":"https:\/\/fabriceleroux.com\/en\/wp-json\/wp\/v2\/pages"}],"about":[{"href":"https:\/\/fabriceleroux.com\/en\/wp-json\/wp\/v2\/types\/page"}],"author":[{"embeddable":true,"href":"https:\/\/fabriceleroux.com\/en\/wp-json\/wp\/v2\/users\/1"}],"replies":[{"embeddable":true,"href":"https:\/\/fabriceleroux.com\/en\/wp-json\/wp\/v2\/comments?post=38988"}],"version-history":[{"count":0,"href":"https:\/\/fabriceleroux.com\/en\/wp-json\/wp\/v2\/pages\/38988\/revisions"}],"up":[{"embeddable":true,"href":"https:\/\/fabriceleroux.com\/en\/wp-json\/wp\/v2\/pages\/29932"}],"wp:attachment":[{"href":"https:\/\/fabriceleroux.com\/en\/wp-json\/wp\/v2\/media?parent=38988"}],"curies":[{"name":"wp","href":"https:\/\/api.w.org\/{rel}","templated":true}]}}